{"id":146,"date":"2017-12-05T14:05:40","date_gmt":"2017-12-05T14:05:40","guid":{"rendered":"https:\/\/www.bankenchampignons.com\/nl\/?page_id=146"},"modified":"2018-02-06T07:55:41","modified_gmt":"2018-02-06T07:55:41","slug":"sledzenie-i-identyfikowalnosc","status":"publish","type":"page","link":"https:\/\/www.bankenchampignons.com\/pl\/nasza-firma\/sledzenie-i-identyfikowalnosc\/","title":{"rendered":"\u015aledzenie i identyfikowalno\u015b\u0107"},"content":{"rendered":"","protected":false},"excerpt":{"rendered":"","protected":false},"author":1,"featured_media":0,"parent":280,"menu_order":0,"comment_status":"closed","ping_status":"closed","template":"","meta":{"footnotes":""},"class_list":["post-146","page","type-page","status-publish","hentry"],"acf":[],"yoast_head":"<!-- This site is optimized with the Yoast SEO plugin v27.3 - https:\/\/yoast.com\/product\/yoast-seo-wordpress\/ -->\n<title>\u015aledzenie i identyfikowalno\u015b\u0107 - Banken Champignons<\/title>\n<meta name=\"robots\" content=\"index, follow, max-snippet:-1, max-image-preview:large, max-video-preview:-1\" \/>\n<link rel=\"canonical\" href=\"https:\/\/www.bankenchampignons.com\/pl\/nasza-firma\/sledzenie-i-identyfikowalnosc\/\" \/>\n<meta property=\"og:locale\" content=\"pl_PL\" \/>\n<meta property=\"og:type\" content=\"article\" \/>\n<meta property=\"og:title\" content=\"\u015aledzenie i identyfikowalno\u015b\u0107 - Banken Champignons\" \/>\n<meta property=\"og:url\" content=\"https:\/\/www.bankenchampignons.com\/pl\/nasza-firma\/sledzenie-i-identyfikowalnosc\/\" \/>\n<meta property=\"og:site_name\" content=\"Polski\" \/>\n<meta property=\"article:modified_time\" content=\"2018-02-06T07:55:41+00:00\" \/>\n<meta name=\"twitter:card\" content=\"summary_large_image\" \/>\n<script type=\"application\/ld+json\" class=\"yoast-schema-graph\">{\"@context\":\"https:\\\/\\\/schema.org\",\"@graph\":[{\"@type\":\"WebPage\",\"@id\":\"https:\\\/\\\/www.bankenchampignons.com\\\/pl\\\/nasza-firma\\\/sledzenie-i-identyfikowalnosc\\\/\",\"url\":\"https:\\\/\\\/www.bankenchampignons.com\\\/pl\\\/nasza-firma\\\/sledzenie-i-identyfikowalnosc\\\/\",\"name\":\"\u015aledzenie i identyfikowalno\u015b\u0107 - Banken Champignons\",\"isPartOf\":{\"@id\":\"https:\\\/\\\/www.bankenchampignons.com\\\/pl\\\/#website\"},\"datePublished\":\"2017-12-05T14:05:40+00:00\",\"dateModified\":\"2018-02-06T07:55:41+00:00\",\"breadcrumb\":{\"@id\":\"https:\\\/\\\/www.bankenchampignons.com\\\/pl\\\/nasza-firma\\\/sledzenie-i-identyfikowalnosc\\\/#breadcrumb\"},\"inLanguage\":\"pl-PL\",\"potentialAction\":[{\"@type\":\"ReadAction\",\"target\":[\"https:\\\/\\\/www.bankenchampignons.com\\\/pl\\\/nasza-firma\\\/sledzenie-i-identyfikowalnosc\\\/\"]}]},{\"@type\":\"BreadcrumbList\",\"@id\":\"https:\\\/\\\/www.bankenchampignons.com\\\/pl\\\/nasza-firma\\\/sledzenie-i-identyfikowalnosc\\\/#breadcrumb\",\"itemListElement\":[{\"@type\":\"ListItem\",\"position\":1,\"name\":\"Home\",\"item\":\"https:\\\/\\\/www.bankenchampignons.com\\\/pl\\\/\"},{\"@type\":\"ListItem\",\"position\":2,\"name\":\"Nasza firma\",\"item\":\"https:\\\/\\\/www.bankenchampignons.com\\\/pl\\\/nasza-firma\\\/\"},{\"@type\":\"ListItem\",\"position\":3,\"name\":\"\u015aledzenie i identyfikowalno\u015b\u0107\"}]},{\"@type\":\"WebSite\",\"@id\":\"https:\\\/\\\/www.bankenchampignons.com\\\/pl\\\/#website\",\"url\":\"https:\\\/\\\/www.bankenchampignons.com\\\/pl\\\/\",\"name\":\"Polski\",\"description\":\"\",\"potentialAction\":[{\"@type\":\"SearchAction\",\"target\":{\"@type\":\"EntryPoint\",\"urlTemplate\":\"https:\\\/\\\/www.bankenchampignons.com\\\/pl\\\/?s={search_term_string}\"},\"query-input\":{\"@type\":\"PropertyValueSpecification\",\"valueRequired\":true,\"valueName\":\"search_term_string\"}}],\"inLanguage\":\"pl-PL\"}]}<\/script>\n<!-- \/ Yoast SEO plugin. -->","yoast_head_json":{"title":"\u015aledzenie i identyfikowalno\u015b\u0107 - Banken Champignons","robots":{"index":"index","follow":"follow","max-snippet":"max-snippet:-1","max-image-preview":"max-image-preview:large","max-video-preview":"max-video-preview:-1"},"canonical":"https:\/\/www.bankenchampignons.com\/pl\/nasza-firma\/sledzenie-i-identyfikowalnosc\/","og_locale":"pl_PL","og_type":"article","og_title":"\u015aledzenie i identyfikowalno\u015b\u0107 - Banken Champignons","og_url":"https:\/\/www.bankenchampignons.com\/pl\/nasza-firma\/sledzenie-i-identyfikowalnosc\/","og_site_name":"Polski","article_modified_time":"2018-02-06T07:55:41+00:00","twitter_card":"summary_large_image","schema":{"@context":"https:\/\/schema.org","@graph":[{"@type":"WebPage","@id":"https:\/\/www.bankenchampignons.com\/pl\/nasza-firma\/sledzenie-i-identyfikowalnosc\/","url":"https:\/\/www.bankenchampignons.com\/pl\/nasza-firma\/sledzenie-i-identyfikowalnosc\/","name":"\u015aledzenie i identyfikowalno\u015b\u0107 - Banken Champignons","isPartOf":{"@id":"https:\/\/www.bankenchampignons.com\/pl\/#website"},"datePublished":"2017-12-05T14:05:40+00:00","dateModified":"2018-02-06T07:55:41+00:00","breadcrumb":{"@id":"https:\/\/www.bankenchampignons.com\/pl\/nasza-firma\/sledzenie-i-identyfikowalnosc\/#breadcrumb"},"inLanguage":"pl-PL","potentialAction":[{"@type":"ReadAction","target":["https:\/\/www.bankenchampignons.com\/pl\/nasza-firma\/sledzenie-i-identyfikowalnosc\/"]}]},{"@type":"BreadcrumbList","@id":"https:\/\/www.bankenchampignons.com\/pl\/nasza-firma\/sledzenie-i-identyfikowalnosc\/#breadcrumb","itemListElement":[{"@type":"ListItem","position":1,"name":"Home","item":"https:\/\/www.bankenchampignons.com\/pl\/"},{"@type":"ListItem","position":2,"name":"Nasza firma","item":"https:\/\/www.bankenchampignons.com\/pl\/nasza-firma\/"},{"@type":"ListItem","position":3,"name":"\u015aledzenie i identyfikowalno\u015b\u0107"}]},{"@type":"WebSite","@id":"https:\/\/www.bankenchampignons.com\/pl\/#website","url":"https:\/\/www.bankenchampignons.com\/pl\/","name":"Polski","description":"","potentialAction":[{"@type":"SearchAction","target":{"@type":"EntryPoint","urlTemplate":"https:\/\/www.bankenchampignons.com\/pl\/?s={search_term_string}"},"query-input":{"@type":"PropertyValueSpecification","valueRequired":true,"valueName":"search_term_string"}}],"inLanguage":"pl-PL"}]}},"_links":{"self":[{"href":"https:\/\/www.bankenchampignons.com\/pl\/wp-json\/wp\/v2\/pages\/146","targetHints":{"allow":["GET"]}}],"collection":[{"href":"https:\/\/www.bankenchampignons.com\/pl\/wp-json\/wp\/v2\/pages"}],"about":[{"href":"https:\/\/www.bankenchampignons.com\/pl\/wp-json\/wp\/v2\/types\/page"}],"author":[{"embeddable":true,"href":"https:\/\/www.bankenchampignons.com\/pl\/wp-json\/wp\/v2\/users\/1"}],"replies":[{"embeddable":true,"href":"https:\/\/www.bankenchampignons.com\/pl\/wp-json\/wp\/v2\/comments?post=146"}],"version-history":[{"count":2,"href":"https:\/\/www.bankenchampignons.com\/pl\/wp-json\/wp\/v2\/pages\/146\/revisions"}],"predecessor-version":[{"id":465,"href":"https:\/\/www.bankenchampignons.com\/pl\/wp-json\/wp\/v2\/pages\/146\/revisions\/465"}],"up":[{"embeddable":true,"href":"https:\/\/www.bankenchampignons.com\/pl\/wp-json\/wp\/v2\/pages\/280"}],"wp:attachment":[{"href":"https:\/\/www.bankenchampignons.com\/pl\/wp-json\/wp\/v2\/media?parent=146"}],"curies":[{"name":"wp","href":"https:\/\/api.w.org\/{rel}","templated":true}]}}